{"id":557,"date":"2022-03-08T10:48:54","date_gmt":"2022-03-08T10:48:54","guid":{"rendered":"https:\/\/andersindset.com\/?page_id=557"},"modified":"2022-06-03T12:43:32","modified_gmt":"2022-06-03T12:43:32","slug":"impressum","status":"publish","type":"page","link":"https:\/\/andersindset.com\/de\/impressum\/","title":{"rendered":"Impressum"},"content":{"rendered":"<div class=\"fusion-fullwidth fullwidth-box fusion-builder-row-1 fusion-flex-container nonhundred-percent-fullwidth non-hundred-percent-height-scrolling\" style=\"--awb-border-radius-top-left:0px;--awb-border-radius-top-right:0px;--awb-border-radius-bottom-right:0px;--awb-border-radius-bottom-left:0px;--awb-flex-wrap:wrap;\" ><div class=\"fusion-builder-row fusion-row fusion-flex-align-items-flex-start fusion-flex-content-wrap\" style=\"max-width:1996.8px;margin-left: calc(-4% \/ 2 );margin-right: calc(-4% \/ 2 );\"><div class=\"fusion-layout-column fusion_builder_column fusion-builder-column-0 fusion_builder_column_1_1 1_1 fusion-flex-column\" style=\"--awb-bg-size:cover;--awb-width-large:100%;--awb-margin-top-large:0px;--awb-spacing-right-large:1.92%;--awb-margin-bottom-large:0px;--awb-spacing-left-large:1.92%;--awb-width-medium:100%;--awb-spacing-right-medium:1.92%;--awb-spacing-left-medium:1.92%;--awb-width-small:100%;--awb-spacing-right-small:1.92%;--awb-spacing-left-small:1.92%;\"><div class=\"fusion-column-wrapper fusion-flex-justify-content-flex-start fusion-content-layout-column\"><div class=\"fusion-title title fusion-title-1 fusion-sep-none fusion-title-text fusion-title-size-one\" style=\"--awb-font-size:36px;\"><h1 class=\"fusion-title-heading title-heading-left\" style=\"font-family:&quot;Poppins&quot;;font-style:normal;font-weight:800;margin:0;font-size:1em;\">Impressum<\/h1><\/div><div class=\"fusion-text fusion-text-1 awb-text-cols fusion-text-columns-2\" style=\"--awb-text-transform:none;--awb-columns:2;--awb-column-spacing:2em;--awb-column-min-width:100px;\"><p>Informationen gem\u00e4\u00df \u00a7 5 TMG<\/p>\n<p>andersindset GmbH<br \/>\nMergenthalerallee 15-21<br \/>\n65760 Eschborn<br \/>\nDeutschland<\/p>\n<h3>Vertreten durch<\/h3>\n<p>Anders Indset<\/p>\n<h3>Kontakt Informationen<\/h3>\n<p>Telefon: +49 (0) 6985090660<br \/>\nE-Mail: info (at) andersindset DOT com<\/p>\n<p>Internetadresse: www.andersindset.com<\/p>\n<h3>Registereintrag<\/h3>\n<p>Eintrag in: Handelsregister<br \/>\nRegisternummer: HRB 127604<br \/>\nRegistergericht: Frankfurt am Main<\/p>\n<h3>Umsatzsteuer-Identifikationsnummer<\/h3>\n<p>Umsatzsteuer-Identifikationsnummer gem\u00e4\u00df \u00a7 27 a Umsatzsteuergesetz DE253363241<\/p>\n<h3>Haftungsausschluss<br \/>\nVerantwortlichkeit f\u00fcr den Inhalt<\/h3>\n<p>Die Inhalte unserer Seiten wurden mit gr\u00f6\u00dfter Sorgfalt erstellt. F\u00fcr die Richtigkeit, Vollst\u00e4ndigkeit und Aktualit\u00e4t der Inhalte k\u00f6nnen wir jedoch keine Gew\u00e4hr \u00fcbernehmen. Gem\u00e4\u00df den gesetzlichen Bestimmungen sind wir dar\u00fcber hinaus f\u00fcr eigene Inhalte auf diesen Seiten verantwortlich. Wir weisen in diesem Zusammenhang darauf hin, dass wir nicht verpflichtet sind, \u00fcbermittelte oder gespeicherte fremde Informationen zu \u00fcberwachen oder nach Umst\u00e4nden zu forschen, die auf eine rechtswidrige T\u00e4tigkeit hinweisen. Verpflichtungen zur Entfernung oder Sperrung der Nutzung von Informationen nach den allgemeinen Gesetzen bleiben hiervon gem\u00e4\u00df \u00a7\u00a7 8 bis 10 Telemediengesetz (TMG) unber\u00fchrt.<\/p>\n<h3>Verantwortlichkeit f\u00fcr Links<\/h3>\n<p>F\u00fcr den Inhalt externer Links (zu Webseiten Dritter) sind ausschlie\u00dflich deren Betreiber verantwortlich. Zum Zeitpunkt der Verlinkung waren f\u00fcr uns keine Rechtsverst\u00f6\u00dfe ersichtlich. Bei Bekanntwerden von Rechtsverst\u00f6\u00dfen werden wir den entsprechenden Link umgehend entfernen.<\/p>\n<h3>Urheberrecht<\/h3>\n<p>Unsere Webseiten und deren Inhalte unterliegen dem deutschen Urheberrecht. Jede Form der Verwertung, Vervielf\u00e4ltigung oder Bearbeitung urheberrechtlich gesch\u00fctzter Werke auf unseren Webseiten bedarf, soweit nicht ausdr\u00fccklich gesetzlich erlaubt, der vorherigen Zustimmung des jeweiligen Rechteinhabers. Einzelne Vervielf\u00e4ltigungen eines Werkes sind nur f\u00fcr den privaten Gebrauch gestattet. Die Materialien auf diesen Seiten sind urheberrechtlich gesch\u00fctzt und jede unerlaubte Nutzung kann gegen das Urheberrecht versto\u00dfen.<\/p>\n<\/div><\/div><\/div><\/div><\/div>\n","protected":false},"excerpt":{"rendered":"","protected":false},"author":1,"featured_media":0,"parent":0,"menu_order":0,"comment_status":"closed","ping_status":"closed","template":"","meta":{"_acf_changed":false,"footnotes":""},"acf":[],"yoast_head":"<!-- This site is optimized with the Yoast SEO plugin v21.8.1 - https:\/\/yoast.com\/wordpress\/plugins\/seo\/ -->\n<title>Impressum - Anders Indset<\/title>\n<meta name=\"robots\" content=\"index, follow, max-snippet:-1, max-image-preview:large, max-video-preview:-1\" \/>\n<link rel=\"canonical\" href=\"https:\/\/andersindset.com\/de\/impressum\/\" \/>\n<meta property=\"og:locale\" content=\"de_DE\" \/>\n<meta property=\"og:type\" content=\"article\" \/>\n<meta property=\"og:title\" content=\"Impressum - Anders Indset\" \/>\n<meta property=\"og:url\" content=\"https:\/\/andersindset.com\/de\/impressum\/\" \/>\n<meta property=\"og:site_name\" content=\"Anders Indset\" \/>\n<meta property=\"article:modified_time\" content=\"2022-06-03T12:43:32+00:00\" \/>\n<meta property=\"og:image\" content=\"https:\/\/andersindset.com\/wp-content\/uploads\/2024\/01\/seo_bild_anders_indset.png\" \/>\n\t<meta property=\"og:image:width\" content=\"2832\" \/>\n\t<meta property=\"og:image:height\" content=\"1556\" \/>\n\t<meta property=\"og:image:type\" content=\"image\/png\" \/>\n<meta name=\"twitter:label1\" content=\"Gesch\u00e4tzte Lesezeit\" \/>\n\t<meta name=\"twitter:data1\" content=\"2\u00a0Minuten\" \/>\n<script type=\"application\/ld+json\" class=\"yoast-schema-graph\">{\"@context\":\"https:\/\/schema.org\",\"@graph\":[{\"@type\":\"WebPage\",\"@id\":\"https:\/\/andersindset.com\/de\/impressum\/\",\"url\":\"https:\/\/andersindset.com\/de\/impressum\/\",\"name\":\"Impressum - Anders Indset\",\"isPartOf\":{\"@id\":\"https:\/\/andersindset.com\/de\/#website\"},\"datePublished\":\"2022-03-08T10:48:54+00:00\",\"dateModified\":\"2022-06-03T12:43:32+00:00\",\"breadcrumb\":{\"@id\":\"https:\/\/andersindset.com\/de\/impressum\/#breadcrumb\"},\"inLanguage\":\"de\",\"potentialAction\":[{\"@type\":\"ReadAction\",\"target\":[\"https:\/\/andersindset.com\/de\/impressum\/\"]}]},{\"@type\":\"BreadcrumbList\",\"@id\":\"https:\/\/andersindset.com\/de\/impressum\/#breadcrumb\",\"itemListElement\":[{\"@type\":\"ListItem\",\"position\":1,\"name\":\"Startseite\",\"item\":\"https:\/\/andersindset.com\/de\/\"},{\"@type\":\"ListItem\",\"position\":2,\"name\":\"Impressum\"}]},{\"@type\":\"WebSite\",\"@id\":\"https:\/\/andersindset.com\/de\/#website\",\"url\":\"https:\/\/andersindset.com\/de\/\",\"name\":\"Anders Indset\",\"description\":\"Philosoph &amp; Autor\",\"publisher\":{\"@id\":\"https:\/\/andersindset.com\/de\/#organization\"},\"potentialAction\":[{\"@type\":\"SearchAction\",\"target\":{\"@type\":\"EntryPoint\",\"urlTemplate\":\"https:\/\/andersindset.com\/de\/?s={search_term_string}\"},\"query-input\":\"required name=search_term_string\"}],\"inLanguage\":\"de\"},{\"@type\":\"Organization\",\"@id\":\"https:\/\/andersindset.com\/de\/#organization\",\"name\":\"Anders Indset\",\"url\":\"https:\/\/andersindset.com\/de\/\",\"logo\":{\"@type\":\"ImageObject\",\"inLanguage\":\"de\",\"@id\":\"https:\/\/andersindset.com\/de\/#\/schema\/logo\/image\/\",\"url\":\"https:\/\/andersindset.com\/wp-content\/uploads\/2024\/01\/DER-MENSCH.jpg\",\"contentUrl\":\"https:\/\/andersindset.com\/wp-content\/uploads\/2024\/01\/DER-MENSCH.jpg\",\"width\":1990,\"height\":1088,\"caption\":\"Anders Indset\"},\"image\":{\"@id\":\"https:\/\/andersindset.com\/de\/#\/schema\/logo\/image\/\"}}]}<\/script>\n<!-- \/ Yoast SEO plugin. -->","yoast_head_json":{"title":"Impressum - Anders Indset","robots":{"index":"index","follow":"follow","max-snippet":"max-snippet:-1","max-image-preview":"max-image-preview:large","max-video-preview":"max-video-preview:-1"},"canonical":"https:\/\/andersindset.com\/de\/impressum\/","og_locale":"de_DE","og_type":"article","og_title":"Impressum - Anders Indset","og_url":"https:\/\/andersindset.com\/de\/impressum\/","og_site_name":"Anders Indset","article_modified_time":"2022-06-03T12:43:32+00:00","og_image":[{"width":2832,"height":1556,"url":"https:\/\/andersindset.com\/wp-content\/uploads\/2024\/01\/seo_bild_anders_indset.png","type":"image\/png"}],"twitter_misc":{"Gesch\u00e4tzte Lesezeit":"2\u00a0Minuten"},"schema":{"@context":"https:\/\/schema.org","@graph":[{"@type":"WebPage","@id":"https:\/\/andersindset.com\/de\/impressum\/","url":"https:\/\/andersindset.com\/de\/impressum\/","name":"Impressum - Anders Indset","isPartOf":{"@id":"https:\/\/andersindset.com\/de\/#website"},"datePublished":"2022-03-08T10:48:54+00:00","dateModified":"2022-06-03T12:43:32+00:00","breadcrumb":{"@id":"https:\/\/andersindset.com\/de\/impressum\/#breadcrumb"},"inLanguage":"de","potentialAction":[{"@type":"ReadAction","target":["https:\/\/andersindset.com\/de\/impressum\/"]}]},{"@type":"BreadcrumbList","@id":"https:\/\/andersindset.com\/de\/impressum\/#breadcrumb","itemListElement":[{"@type":"ListItem","position":1,"name":"Startseite","item":"https:\/\/andersindset.com\/de\/"},{"@type":"ListItem","position":2,"name":"Impressum"}]},{"@type":"WebSite","@id":"https:\/\/andersindset.com\/de\/#website","url":"https:\/\/andersindset.com\/de\/","name":"Anders Indset","description":"Philosoph &amp; Autor","publisher":{"@id":"https:\/\/andersindset.com\/de\/#organization"},"potentialAction":[{"@type":"SearchAction","target":{"@type":"EntryPoint","urlTemplate":"https:\/\/andersindset.com\/de\/?s={search_term_string}"},"query-input":"required name=search_term_string"}],"inLanguage":"de"},{"@type":"Organization","@id":"https:\/\/andersindset.com\/de\/#organization","name":"Anders Indset","url":"https:\/\/andersindset.com\/de\/","logo":{"@type":"ImageObject","inLanguage":"de","@id":"https:\/\/andersindset.com\/de\/#\/schema\/logo\/image\/","url":"https:\/\/andersindset.com\/wp-content\/uploads\/2024\/01\/DER-MENSCH.jpg","contentUrl":"https:\/\/andersindset.com\/wp-content\/uploads\/2024\/01\/DER-MENSCH.jpg","width":1990,"height":1088,"caption":"Anders Indset"},"image":{"@id":"https:\/\/andersindset.com\/de\/#\/schema\/logo\/image\/"}}]}},"_links":{"self":[{"href":"https:\/\/andersindset.com\/de\/wp-json\/wp\/v2\/pages\/557"}],"collection":[{"href":"https:\/\/andersindset.com\/de\/wp-json\/wp\/v2\/pages"}],"about":[{"href":"https:\/\/andersindset.com\/de\/wp-json\/wp\/v2\/types\/page"}],"author":[{"embeddable":true,"href":"https:\/\/andersindset.com\/de\/wp-json\/wp\/v2\/users\/1"}],"replies":[{"embeddable":true,"href":"https:\/\/andersindset.com\/de\/wp-json\/wp\/v2\/comments?post=557"}],"version-history":[{"count":7,"href":"https:\/\/andersindset.com\/de\/wp-json\/wp\/v2\/pages\/557\/revisions"}],"predecessor-version":[{"id":1458,"href":"https:\/\/andersindset.com\/de\/wp-json\/wp\/v2\/pages\/557\/revisions\/1458"}],"wp:attachment":[{"href":"https:\/\/andersindset.com\/de\/wp-json\/wp\/v2\/media?parent=557"}],"curies":[{"name":"wp","href":"https:\/\/api.w.org\/{rel}","templated":true}]}}